{"id":5884,"date":"2025-09-01T13:03:01","date_gmt":"2025-09-01T11:03:01","guid":{"rendered":"https:\/\/casafarfalilla.com\/?page_id=5884"},"modified":"2025-09-01T14:34:07","modified_gmt":"2025-09-01T12:34:07","slug":"politica-de-privacidad","status":"publish","type":"page","link":"https:\/\/casafarfalilla.com\/en\/politica-de-privacidad","title":{"rendered":"Privacy policy"},"content":{"rendered":"<div data-elementor-type=\"wp-page\" data-elementor-id=\"5884\" class=\"elementor elementor-5884\">\n\t\t\t\t\t\t<section class=\"elementor-section elementor-top-section elementor-element elementor-element-6de239c elementor-section-boxed elementor-section-height-default elementor-section-height-default elementor-section-column-vertical-align-stretch\" data-id=\"6de239c\" data-element_type=\"section\">\n\t\t\t\t\t\t<div class=\"elementor-container elementor-column-gap-no\">\n\t\t\t\t\t<div class=\"elementor-column elementor-col-100 elementor-top-column elementor-element elementor-element-de74d5c\" data-id=\"de74d5c\" data-element_type=\"column\">\n\t\t\t<div class=\"elementor-widget-wrap elementor-element-populated\">\n\t\t\t\t\t\t<div class=\"elementor-element elementor-element-513abce elementor-widget elementor-widget-text-editor\" data-id=\"513abce\" data-element_type=\"widget\" data-widget_type=\"text-editor.default\">\n\t\t\t\t\t\t\t\t\t<h1 data-start=\"172\" data-end=\"219\">Privacy Policy, Cookies and Legal Notice<\/h1><hr data-start=\"221\" data-end=\"224\" \/><h2 data-start=\"226\" data-end=\"254\">1. Privacy policy<\/h2><h6>Data controller<\/h6><p data-start=\"256\" data-end=\"459\"><br data-start=\"287\" data-end=\"290\" \/>The website www.casafarfalilla.com is managed by Daura Hern\u00e1ndez Garc\u00eda, with contact email casafarfalilla@gmail.com and address C\/Rambla de los caballos, 15, 38420, San Juan de la Rambla.<\/p><h6 data-start=\"461\" data-end=\"488\">Data we collect<\/h6><ul data-start=\"489\" data-end=\"794\"><li data-start=\"489\" data-end=\"572\"><p data-start=\"491\" data-end=\"572\">Name, email address, and message when you use the contact form.<\/p><\/li><li data-start=\"573\" data-end=\"692\"><p data-start=\"575\" data-end=\"692\">Booking details: name, email address, telephone number, dates of stay and preferences, solely for the purpose of managing your booking.<\/p><\/li><li data-start=\"693\" data-end=\"794\"><p data-start=\"695\" data-end=\"794\">Browsing data: cookies and analytics tools to improve the user experience.<\/p><\/li><\/ul><h6 data-start=\"796\" data-end=\"827\">Purpose of processing<\/h6><ul data-start=\"828\" data-end=\"946\"><li data-start=\"828\" data-end=\"873\"><p data-start=\"830\" data-end=\"873\">Respond to enquiries and manage bookings.<\/p><\/li><li data-start=\"874\" data-end=\"907\"><p data-start=\"876\" data-end=\"907\">Comply with legal obligations.<\/p><\/li><li data-start=\"908\" data-end=\"946\"><p data-start=\"910\" data-end=\"946\">Improve the website through analytics.<\/p><\/li><\/ul><h6 data-start=\"948\" data-end=\"964\">Legal basis<\/h6><ul data-start=\"965\" data-end=\"1104\"><li data-start=\"965\" data-end=\"1044\"><p data-start=\"967\" data-end=\"1044\">Explicit user consent (forms and acceptance of cookies).<\/p><\/li><li data-start=\"1045\" data-end=\"1104\"><p data-start=\"1047\" data-end=\"1104\">Legal obligations applicable to holiday rentals.<\/p><\/li><\/ul><h6 data-start=\"1106\" data-end=\"1313\">User rights<\/h6><p data-start=\"1106\" data-end=\"1313\"><br data-start=\"1134\" data-end=\"1137\" \/>You may request at any time: access, rectification, deletion, limitation or opposition to the processing of your data. To exercise these rights, send an email to casafarfalilla@gmail.com.<\/p><h6 data-start=\"1315\" data-end=\"1483\">Storage of data<\/h6><p data-start=\"1315\" data-end=\"1483\"><br data-start=\"1344\" data-end=\"1347\" \/>The data will only be kept for as long as necessary to manage the booking or for as long as required by law.<\/p><hr data-start=\"1485\" data-end=\"1488\" \/><h2 data-start=\"1490\" data-end=\"1515\">2. Cookies policy<\/h2><h6 data-start=\"1517\" data-end=\"1679\">What are cookies?<\/h6><p data-start=\"1517\" data-end=\"1679\"><br data-start=\"1540\" data-end=\"1543\" \/>Cookies are small files that the website stores in your browser to improve your experience and obtain usage statistics.<\/p><h6 data-start=\"1681\" data-end=\"1714\">Types of cookies we use<\/h6><ul data-start=\"1715\" data-end=\"1985\"><li data-start=\"1715\" data-end=\"1803\"><p data-start=\"1717\" data-end=\"1803\" class=\"translation-block\"><strong>Necessary cookies:<\/strong> essential for the functioning of the website and reservations.<\/p><\/li><li data-start=\"1804\" data-end=\"1896\"><p data-start=\"1806\" data-end=\"1896\" class=\"translation-block\"><strong data-start=\"\u20181806\u2019\" data-end=\"\u20181831\u2019\">Analytical cookies:<\/strong> these collect information on how the website is used in order to improve it.<\/p><\/li><li data-start=\"1897\" data-end=\"1985\"><p data-start=\"1899\" data-end=\"1985\" class=\"translation-block\"><strong data-start=\"\u20181899\u2019\" data-end=\"\u20181936\u2019\">Marketing cookies (if applicable):<\/strong> display personalised content or advertising.<\/p><\/li><\/ul><h6 data-start=\"1987\" data-end=\"2177\">Consent<\/h6><p data-start=\"1987\" data-end=\"2177\"><br data-start=\"2005\" data-end=\"2008\" \/>The use of cookies is enabled after your explicit consent via the cookie notice. You can configure or reject cookies at any time in your browser.<\/p><hr data-start=\"2179\" data-end=\"2182\" \/><h2 data-start=\"2184\" data-end=\"2201\">3. Legal Notice<\/h2><h6 data-start=\"2203\" data-end=\"2442\">Intellectual property<\/h6><p data-start=\"2203\" data-end=\"2442\"><br data-start=\"2228\" data-end=\"2231\" \/>All content on this website (text, images, graphics, logos) belongs to Daura Hern\u00e1ndez Garc\u00eda, unless otherwise indicated. Total or partial reproduction without authorisation is prohibited.<\/p><h6 data-start=\"2444\" data-end=\"2626\">Disclaimer<\/h6><p data-start=\"2444\" data-end=\"2626\"><br data-start=\"2476\" data-end=\"2479\" \/>www.casafarfalilla.com shall not be liable for any errors, omissions or damages arising from the use of the website, except where legally required.<\/p><h6 data-start=\"2628\" data-end=\"2771\">Applicable law<\/h6><p data-start=\"2628\" data-end=\"2771\"><br data-start=\"2653\" data-end=\"2656\" \/>This website is governed by current Spanish and European legislation on data protection and consumer affairs.<\/p>\t\t\t\t\t\t\t\t<\/div>\n\t\t\t\t<div class=\"elementor-element elementor-element-1329361 elementor-widget elementor-widget-spacer\" data-id=\"1329361\" data-element_type=\"widget\" data-widget_type=\"spacer.default\">\n\t\t\t\t\t\t\t<div class=\"elementor-spacer\">\n\t\t\t<div class=\"elementor-spacer-inner\"><\/div>\n\t\t<\/div>\n\t\t\t\t\t\t<\/div>\n\t\t\t\t<div class=\"elementor-element elementor-element-adee84a elementor-widget elementor-widget-spacer\" data-id=\"adee84a\" data-element_type=\"widget\" data-widget_type=\"spacer.default\">\n\t\t\t\t\t\t\t<div class=\"elementor-spacer\">\n\t\t\t<div class=\"elementor-spacer-inner\"><\/div>\n\t\t<\/div>\n\t\t\t\t\t\t<\/div>\n\t\t\t\t\t<\/div>\n\t\t<\/div>\n\t\t\t\t\t<\/div>\n\t\t<\/section>\n\t\t\t\t<\/div>","protected":false},"excerpt":{"rendered":"<p>Pol\u00edtica de Privacidad, Cookies y Aviso Legal 1. Pol\u00edtica de Privacidad Responsable del tratamiento El sitio web www.casafarfalilla.com es gestionado por Daura Hern\u00e1ndez Garc\u00eda, con correo electr\u00f3nico de contacto casafarfalilla@gmail.com y direcci\u00f3n C\/Rambla de los caballos,15,38420, San Juan de la Rambla. Datos que recopilamos Nombre, correo electr\u00f3nico y mensaje cuando utilizas el formulario de contacto. [&hellip;]<\/p>","protected":false},"author":1,"featured_media":0,"parent":0,"menu_order":0,"comment_status":"closed","ping_status":"closed","template":"elementor_header_footer","meta":{"footnotes":""},"class_list":["post-5884","page","type-page","status-publish","hentry","post-no-thumbnail"],"_links":{"self":[{"href":"https:\/\/casafarfalilla.com\/en\/wp-json\/wp\/v2\/pages\/5884","targetHints":{"allow":["GET"]}}],"collection":[{"href":"https:\/\/casafarfalilla.com\/en\/wp-json\/wp\/v2\/pages"}],"about":[{"href":"https:\/\/casafarfalilla.com\/en\/wp-json\/wp\/v2\/types\/page"}],"author":[{"embeddable":true,"href":"https:\/\/casafarfalilla.com\/en\/wp-json\/wp\/v2\/users\/1"}],"replies":[{"embeddable":true,"href":"https:\/\/casafarfalilla.com\/en\/wp-json\/wp\/v2\/comments?post=5884"}],"version-history":[{"count":16,"href":"https:\/\/casafarfalilla.com\/en\/wp-json\/wp\/v2\/pages\/5884\/revisions"}],"predecessor-version":[{"id":5925,"href":"https:\/\/casafarfalilla.com\/en\/wp-json\/wp\/v2\/pages\/5884\/revisions\/5925"}],"wp:attachment":[{"href":"https:\/\/casafarfalilla.com\/en\/wp-json\/wp\/v2\/media?parent=5884"}],"curies":[{"name":"wp","href":"https:\/\/api.w.org\/{rel}","templated":true}]}}